{"id":13026,"date":"2023-09-18T07:29:04","date_gmt":"2023-09-18T07:29:04","guid":{"rendered":"https:\/\/www.lafabbrica.it\/politique-de-confidentialite\/"},"modified":"2024-06-28T14:05:08","modified_gmt":"2024-06-28T14:05:08","slug":"politique-de-confidentialite","status":"publish","type":"page","link":"https:\/\/www.lafabbrica.it\/fr\/politique-de-confidentialite\/","title":{"rendered":"Politique de confidentialit\u00e9"},"content":{"rendered":"\t\t<div data-elementor-type=\"wp-page\" data-elementor-id=\"13026\" class=\"elementor elementor-13026 elementor-9250\" data-elementor-post-type=\"page\">\n\t\t\t\t<div class=\"elementor-element elementor-element-7bf344b e-flex e-con-boxed e-con e-parent\" data-id=\"7bf344b\" data-element_type=\"container\" data-settings=\"{&quot;content_width&quot;:&quot;boxed&quot;}\" data-core-v316-plus=\"true\">\n\t\t\t\t\t<div class=\"e-con-inner\">\n\t\t\t\t<div class=\"elementor-element elementor-element-fcd5968 elementor-widget elementor-widget-heading\" data-id=\"fcd5968\" data-element_type=\"widget\" data-widget_type=\"heading.default\">\n\t\t\t\t<div class=\"elementor-widget-container\">\n\t\t\t<h1 class=\"elementor-heading-title elementor-size-default\">Privacy policy<\/h1>\t\t<\/div>\n\t\t\t\t<\/div>\n\t\t\t\t\t<\/div>\n\t\t\t\t<\/div>\n\t\t<div class=\"elementor-element elementor-element-9018769 e-flex e-con-boxed e-con e-parent\" data-id=\"9018769\" data-element_type=\"container\" data-settings=\"{&quot;content_width&quot;:&quot;boxed&quot;}\" data-core-v316-plus=\"true\">\n\t\t\t\t\t<div class=\"e-con-inner\">\n\t\t\t\t<div class=\"elementor-element elementor-element-8f1484b elementor-widget elementor-widget-text-editor\" data-id=\"8f1484b\" data-element_type=\"widget\" data-widget_type=\"text-editor.default\">\n\t\t\t\t<div class=\"elementor-widget-container\">\n\t\t\t\t\t\t\t<p>Conform\u00e9ment \u00e0 l\u2019article 13 du R\u00e8glement europ\u00e9en 2016\/679 (le R\u00e8glement g\u00e9n\u00e9ral sur la protection des donn\u00e9es), Italcer S.p.A. SB souhaite informer tous les utilisateurs et\/ou les internautes consultant le site <a href=\"http:\/\/www.lafabbrica.it\" target=\"_new\" rel=\"noreferrer\">www.lafabbrica.it<\/a> (respectivement les \u00ab Utilisateurs \u00bb et le \u00ab Site) de son utilisation des donn\u00e9es \u00e0 caract\u00e8re personnel, des fichiers journaux ainsi que des cookies collect\u00e9s via le Site.<\/p><ol><li><b>Responsable du traitement et d\u00e9l\u00e9gu\u00e9 \u00e0 la protection des donn\u00e9es<\/b><\/li><\/ol><p>Le responsable du traitement des donn\u00e9es \u00e0 caract\u00e8re personnel est Italcer S.p.A. SB (code fiscal et num\u00e9ro de TVA 00142060359) dont le si\u00e8ge social se trouve 53\/A Via Emilia Ouest, 42048 \u2013 Rubiera (RE) PEC (courrier \u00e9lectronique certifi\u00e9) <a rel=\"noreferrer\">rondine.amministrazione@pec.it<\/a> (ci-apr\u00e8s le \u00ab Responsable \u00bb).<\/p><ol start=\"2\"><li><b>Informations collect\u00e9es par le Site :<\/b><\/li><\/ol><p>a) automatiquement<\/p><p>Donn\u00e9es de navigation Les syst\u00e8mes informatiques et les processus logiciels mis en \u0153uvre en vue du bon fonctionnement de ce site acqui\u00e8rent, dans le cadre de leur ex\u00e9cution normale, certaines donn\u00e9es \u00e0 caract\u00e8re personnel dont la transmission est implicite dans l\u2019usage des protocoles de communication Internet.<\/p><p>Ces donn\u00e9es, n\u00e9cessaires \u00e0 l\u2019utilisation des services Web, sont \u00e9galement trait\u00e9es dans le but :<\/p><p>d\u2019obtenir des informations statistiques sur l\u2019utilisation des services ; de v\u00e9rifier le bon fonctionnement des services propos\u00e9s. La dur\u00e9e de conservation des donn\u00e9es de navigation est au maximum de 26 mois (sauf \u00e9ventuelles n\u00e9cessit\u00e9s de constatation de d\u00e9lits par une autorit\u00e9 judiciaire).<\/p><p>b) communiqu\u00e9es par l\u2019Utilisateur<\/p><p>\u2013 Donn\u00e9es communiqu\u00e9es par l\u2019Utilisateur :<\/p><p>L\u2019envoi facultatif, explicite et volontaire de donn\u00e9es via les diff\u00e9rents formulaires \u00e0 remplir du site implique l\u2019acquisition des coordonn\u00e9es de l\u2019exp\u00e9diteur n\u00e9cessaires pour r\u00e9pondre \u00e0 ses demandes de contact, de service ou \u00e0 l\u2019\u00e9ventuelle attribution d\u2019informations d\u2019identification pour les espaces r\u00e9serv\u00e9s.<\/p><p>c) par le biais de cookies<\/p><p>Le site utilise des cookies. Veuillez consulter les informations compl\u00e9mentaires concernant les cookies pour en savoir plus \u00e0 ce propos.<\/p><ol start=\"3\"><li><b>Type de donn\u00e9es \u00e0 caract\u00e8re personnel, finalit\u00e9s, base juridique et dur\u00e9e de conservation<\/b><\/li><\/ol><p>Les donn\u00e9es \u00e0 caract\u00e8re personnel demand\u00e9es et fournies sont utilis\u00e9es afin de garantir l\u2019acc\u00e8s au site et la prestation des services suivants :<\/p><p>Type de service : espace contacts pour les produits. Type de donn\u00e9es \u00e0 caract\u00e8re personnel collect\u00e9es : donn\u00e9es d\u2019identification, coordonn\u00e9es (par exemple : e-mail, num\u00e9ros de t\u00e9l\u00e9phone, etc.) Finalit\u00e9 : obtenir, par le biais du formulaire pr\u00e9vu \u00e0 cet effet, les donn\u00e9es concernant les Utilisateurs du site n\u00e9cessaires pour r\u00e9pondre \u00e0 leurs demandes de contact \u00e0 des fins d\u2019information\/commerciales (Espace contacts). Base juridique : consentement\/ex\u00e9cution contractuelle. Dur\u00e9e de conservation : 24 mois \u00e0 compter de l\u2019acquisition ou du renouvellement du contact. Type de service : newsletter Type de donn\u00e9es \u00e0 caract\u00e8re personnel collect\u00e9es : donn\u00e9es d\u2019identification, coordonn\u00e9es e-mail. Finalit\u00e9 : contacter les abonn\u00e9s via l\u2019envoi d\u2019une newsletter p\u00e9riodique \u00e0 propos des activit\u00e9s de la soci\u00e9t\u00e9 (NEWSLETTER). Base juridique : consentement. Dur\u00e9e de conservation : 24 mois ou jusqu\u2019au retrait du consentement.<\/p><p>Le traitement des donn\u00e9es en vue des finalit\u00e9s susmentionn\u00e9es sera effectu\u00e9 conform\u00e9ment au R\u00e8glement g\u00e9n\u00e9ral sur la protection des donn\u00e9es et \u00e0 toutes les r\u00e9glementations du secteur applicables.<\/p><p>Les donn\u00e9es fournies seront principalement trait\u00e9es \u00e0 l\u2019aide d\u2019outils informatiques sous l\u2019autorit\u00e9 du Responsable du traitement par des personnes sp\u00e9cialement d\u00e9sign\u00e9es, habilit\u00e9es et form\u00e9es au traitement conform\u00e9ment aux articles 28 et 29 du R\u00e8glement g\u00e9n\u00e9ral sur la protection des donn\u00e9es. Nous vous informons que nous mettons en \u0153uvre des mesures de s\u00e9curit\u00e9 appropri\u00e9es, notamment aux termes des articles 5 et 32 du R\u00e8glement g\u00e9n\u00e9ral sur la protection des donn\u00e9es afin de pr\u00e9venir toute perte de donn\u00e9es, toute utilisation illicite\/inappropri\u00e9e ou tout acc\u00e8s non autoris\u00e9.<\/p><ol start=\"4\"><li><b>Caract\u00e8re obligatoire ou facultatif du consentement \u00e0 la communication des donn\u00e9es<\/b><\/li><\/ol><p>La communication des donn\u00e9es est facultative mais toute non-communication pourra rendre impossible la prestation de certains des services pr\u00e9vus par notre site.<\/p><ol start=\"5\"><li><b>Cadre de transmission des donn\u00e9es<\/b><\/li><\/ol><p>Les donn\u00e9es pourront \u00eatre communiqu\u00e9es, au sein de l\u2019UE, aux personnes suivantes conform\u00e9ment aux dispositions du R\u00e8glement g\u00e9n\u00e9ral sur la protection des donn\u00e9es :<\/p><p>(1) \u00e0 l\u2019administration financi\u00e8re et\/ou \u00e0 d\u2019autres autorit\u00e9s publiques, lorsque la loi l\u2019exigera ou \u00e0 leur demande ;<\/p><p>(2) aux structures, aux personnes ou aux soci\u00e9t\u00e9s ext\u00e9rieures auxquelles le Responsable fait appel pour mener \u00e0 bien les activit\u00e9s annexes, instrumentales ou cons\u00e9cutives \u00e0 la prestation des services du Site.<\/p><p>Si le transfert est n\u00e9cessaire \u00e0 la prestation des services du Site, les informations collect\u00e9es automatiquement par ce dernier pourront \u00eatre transf\u00e9r\u00e9es vers des serveurs cloud de tiers se trouvant en dehors de l\u2019UE. La base juridique de ce traitement correspondra par cons\u00e9quent \u00e0 l\u2019article 49, alin\u00e9a 1, point b) du R\u00e8glement g\u00e9n\u00e9ral sur la protection des donn\u00e9es.<\/p><ol start=\"6\"><li><b>Mesures de s\u00e9curit\u00e9<\/b><\/li><\/ol><p>Le traitement des donn\u00e9es collect\u00e9es via le Site respecte la l\u00e9gislation applicable et est soumis \u00e0 des mesures de s\u00e9curit\u00e9 appropri\u00e9es conform\u00e9ment \u00e0 la r\u00e9glementation en vigueur, notamment aux articles 5 et 32 du R\u00e8glement g\u00e9n\u00e9ral sur la protection des donn\u00e9es.<\/p><p>Nous confirmons \u00e0 cet \u00e9gard l\u2019adoption de mesures de s\u00e9curit\u00e9 pertinentes pour emp\u00eacher les acc\u00e8s interdits, les vols, les divulgations, les modifications ou les destructions non autoris\u00e9es des donn\u00e9es trait\u00e9es.<\/p><ol start=\"7\"><li><b>Vos droits<\/b><\/li><\/ol><p>Nous vous rappelons que vous pouvez \u00e0 tout moment exercer les droits vis\u00e9s aux articles 15 et suivants du R\u00e8glement g\u00e9n\u00e9ral sur la protection des donn\u00e9es en envoyant une communication \u00e9crite \u00e0 l\u2019adresse du Responsable afin d\u2019obtenir :<\/p><p>la confirmation de l\u2019\u00e9ventuelle existence de donn\u00e9es \u00e0 caract\u00e8re personnel vous concernant et d\u2019en conna\u00eetre l\u2019origine, d\u2019en v\u00e9rifier l\u2019exactitude ou d\u2019en demander l\u2019actualisation, la rectification ou l\u2019int\u00e9gration ; l\u2019acc\u00e8s aux donn\u00e9es, leur suppression ou la limitation du traitement ; l\u2019anonymisation ou le blocage des donn\u00e9es trait\u00e9es en violation de la loi. Vous pouvez \u00e9galement vous opposer au traitement de donn\u00e9es \u00e0 caract\u00e8re personnel pr\u00e9c\u00e9demment fournies.<\/p><p>Concernant la newsletter, veuillez noter que vous pourrez exprimer votre \u00e9ventuelle demande d\u2019annulation \u00e0 l\u2019aide d\u2019un lien\/d\u2019un bouton sp\u00e9cialement pr\u00e9vu \u00e0 cet effet.<\/p><ol start=\"8\"><li><b>Modifications apport\u00e9es \u00e0 la politique de protection des donn\u00e9es<\/b><\/li><\/ol><p>Le Responsable se r\u00e9serve le droit d\u2019apporter des modifications \u00e0 la pr\u00e9sente politique de protection des donn\u00e9es et de remplacer les versions pr\u00e9c\u00e9dentes par la version modifi\u00e9e. Date de publication de cette politique: janvier 2021.<\/p>\t\t\t\t\t\t<\/div>\n\t\t\t\t<\/div>\n\t\t\t\t\t<\/div>\n\t\t\t\t<\/div>\n\t\t\t\t<\/div>\n\t\t","protected":false},"excerpt":{"rendered":"<p>Privacy policy Conform\u00e9ment \u00e0 l\u2019article 13 du R\u00e8glement europ\u00e9en 2016\/679 (le R\u00e8glement g\u00e9n\u00e9ral sur la protection des donn\u00e9es), Italcer S.p.A. SB souhaite informer tous les utilisateurs et\/ou les internautes consultant le site www.lafabbrica.it (respectivement les \u00ab Utilisateurs \u00bb et le \u00ab Site) de son utilisation des donn\u00e9es \u00e0 caract\u00e8re personnel, des fichiers journaux ainsi que [&hellip;]<\/p>\n","protected":false},"author":1,"featured_media":0,"parent":0,"menu_order":0,"comment_status":"closed","ping_status":"closed","template":"","meta":{"_acf_changed":false,"site-sidebar-layout":"no-sidebar","site-content-layout":"page-builder","ast-site-content-layout":"","site-content-style":"default","site-sidebar-style":"default","ast-global-header-display":"","ast-banner-title-visibility":"","ast-main-header-display":"","ast-hfb-above-header-display":"","ast-hfb-below-header-display":"","ast-hfb-mobile-header-display":"","site-post-title":"disabled","ast-breadcrumbs-content":"","ast-featured-img":"disabled","footer-sml-layout":"","theme-transparent-header-meta":"","adv-header-id-meta":"","stick-header-meta":"","header-above-stick-meta":"","header-main-stick-meta":"","header-below-stick-meta":"","astra-migrate-meta-layouts":"default","ast-page-background-enabled":"default","ast-page-background-meta":{"desktop":{"background-color":"var(--ast-global-color-4)","background-image":"","background-repeat":"repeat","background-position":"center center","background-size":"auto","background-attachment":"scroll","background-type":"","background-media":"","overlay-type":"","overlay-color":"","overlay-gradient":""},"tablet":{"background-color":"","background-image":"","background-repeat":"repeat","background-position":"center center","background-size":"auto","background-attachment":"scroll","background-type":"","background-media":"","overlay-type":"","overlay-color":"","overlay-gradient":""},"mobile":{"background-color":"","background-image":"","background-repeat":"repeat","background-position":"center center","background-size":"auto","background-attachment":"scroll","background-type":"","background-media":"","overlay-type":"","overlay-color":"","overlay-gradient":""}},"ast-content-background-meta":{"desktop":{"background-color":"var(--ast-global-color-5)","background-image":"","background-repeat":"repeat","background-position":"center center","background-size":"auto","background-attachment":"scroll","background-type":"","background-media":"","overlay-type":"","overlay-color":"","overlay-gradient":""},"tablet":{"background-color":"var(--ast-global-color-5)","background-image":"","background-repeat":"repeat","background-position":"center center","background-size":"auto","background-attachment":"scroll","background-type":"","background-media":"","overlay-type":"","overlay-color":"","overlay-gradient":""},"mobile":{"background-color":"var(--ast-global-color-5)","background-image":"","background-repeat":"repeat","background-position":"center center","background-size":"auto","background-attachment":"scroll","background-type":"","background-media":"","overlay-type":"","overlay-color":"","overlay-gradient":""}},"footnotes":""},"class_list":["post-13026","page","type-page","status-publish","hentry"],"acf":[],"yoast_head":"<!-- This site is optimized with the Yoast SEO plugin v22.0 - https:\/\/yoast.com\/wordpress\/plugins\/seo\/ -->\n<title>Politique de confidentialit\u00e9 - La Fabbrica AVA<\/title>\n<meta name=\"robots\" content=\"index, follow, max-snippet:-1, max-image-preview:large, max-video-preview:-1\" \/>\n<link rel=\"canonical\" href=\"https:\/\/www.lafabbrica.it\/fr\/politique-de-confidentialite\/\" \/>\n<meta property=\"og:locale\" content=\"fr_FR\" \/>\n<meta property=\"og:type\" content=\"article\" \/>\n<meta property=\"og:title\" content=\"Politique de confidentialit\u00e9 - La Fabbrica AVA\" \/>\n<meta property=\"og:description\" content=\"Privacy policy Conform\u00e9ment \u00e0 l\u2019article 13 du R\u00e8glement europ\u00e9en 2016\/679 (le R\u00e8glement g\u00e9n\u00e9ral sur la protection des donn\u00e9es), Italcer S.p.A. SB souhaite informer tous les utilisateurs et\/ou les internautes consultant le site www.lafabbrica.it (respectivement les \u00ab Utilisateurs \u00bb et le \u00ab Site) de son utilisation des donn\u00e9es \u00e0 caract\u00e8re personnel, des fichiers journaux ainsi que [&hellip;]\" \/>\n<meta property=\"og:url\" content=\"https:\/\/www.lafabbrica.it\/fr\/politique-de-confidentialite\/\" \/>\n<meta property=\"og:site_name\" content=\"La Fabbrica AVA\" \/>\n<meta property=\"article:modified_time\" content=\"2024-06-28T14:05:08+00:00\" \/>\n<meta name=\"twitter:card\" content=\"summary_large_image\" \/>\n<meta name=\"twitter:label1\" content=\"Dur\u00e9e de lecture estim\u00e9e\" \/>\n\t<meta name=\"twitter:data1\" content=\"5 minutes\" \/>\n<script type=\"application\/ld+json\" class=\"yoast-schema-graph\">{\"@context\":\"https:\/\/schema.org\",\"@graph\":[{\"@type\":\"WebPage\",\"@id\":\"https:\/\/www.lafabbrica.it\/fr\/politique-de-confidentialite\/\",\"url\":\"https:\/\/www.lafabbrica.it\/fr\/politique-de-confidentialite\/\",\"name\":\"Politique de confidentialit\u00e9 - La Fabbrica AVA\",\"isPartOf\":{\"@id\":\"https:\/\/www.lafabbrica.it\/fr\/#website\"},\"datePublished\":\"2023-09-18T07:29:04+00:00\",\"dateModified\":\"2024-06-28T14:05:08+00:00\",\"breadcrumb\":{\"@id\":\"https:\/\/www.lafabbrica.it\/fr\/politique-de-confidentialite\/#breadcrumb\"},\"inLanguage\":\"fr-FR\",\"potentialAction\":[{\"@type\":\"ReadAction\",\"target\":[\"https:\/\/www.lafabbrica.it\/fr\/politique-de-confidentialite\/\"]}]},{\"@type\":\"BreadcrumbList\",\"@id\":\"https:\/\/www.lafabbrica.it\/fr\/politique-de-confidentialite\/#breadcrumb\",\"itemListElement\":[{\"@type\":\"ListItem\",\"position\":1,\"name\":\"Home\",\"item\":\"https:\/\/www.lafabbrica.it\/fr\/\"},{\"@type\":\"ListItem\",\"position\":2,\"name\":\"Politique de confidentialit\u00e9\"}]},{\"@type\":\"WebSite\",\"@id\":\"https:\/\/www.lafabbrica.it\/fr\/#website\",\"url\":\"https:\/\/www.lafabbrica.it\/fr\/\",\"name\":\"La Fabbrica AVA\",\"description\":\"\",\"publisher\":{\"@id\":\"https:\/\/www.lafabbrica.it\/fr\/#organization\"},\"potentialAction\":[{\"@type\":\"SearchAction\",\"target\":{\"@type\":\"EntryPoint\",\"urlTemplate\":\"https:\/\/www.lafabbrica.it\/fr\/?s={search_term_string}\"},\"query-input\":\"required name=search_term_string\"}],\"inLanguage\":\"fr-FR\"},{\"@type\":\"Organization\",\"@id\":\"https:\/\/www.lafabbrica.it\/fr\/#organization\",\"name\":\"La Fabbrica AVA\",\"url\":\"https:\/\/www.lafabbrica.it\/fr\/\",\"logo\":{\"@type\":\"ImageObject\",\"inLanguage\":\"fr-FR\",\"@id\":\"https:\/\/www.lafabbrica.it\/fr\/#\/schema\/logo\/image\/\",\"url\":\"https:\/\/www.lafabbrica.it\/wp-content\/uploads\/2023\/08\/Senza-titolo-1.png\",\"contentUrl\":\"https:\/\/www.lafabbrica.it\/wp-content\/uploads\/2023\/08\/Senza-titolo-1.png\",\"width\":567,\"height\":240,\"caption\":\"La Fabbrica AVA\"},\"image\":{\"@id\":\"https:\/\/www.lafabbrica.it\/fr\/#\/schema\/logo\/image\/\"}}]}<\/script>\n<!-- \/ Yoast SEO plugin. -->","yoast_head_json":{"title":"Politique de confidentialit\u00e9 - La Fabbrica AVA","robots":{"index":"index","follow":"follow","max-snippet":"max-snippet:-1","max-image-preview":"max-image-preview:large","max-video-preview":"max-video-preview:-1"},"canonical":"https:\/\/www.lafabbrica.it\/fr\/politique-de-confidentialite\/","og_locale":"fr_FR","og_type":"article","og_title":"Politique de confidentialit\u00e9 - La Fabbrica AVA","og_description":"Privacy policy Conform\u00e9ment \u00e0 l\u2019article 13 du R\u00e8glement europ\u00e9en 2016\/679 (le R\u00e8glement g\u00e9n\u00e9ral sur la protection des donn\u00e9es), Italcer S.p.A. SB souhaite informer tous les utilisateurs et\/ou les internautes consultant le site www.lafabbrica.it (respectivement les \u00ab Utilisateurs \u00bb et le \u00ab Site) de son utilisation des donn\u00e9es \u00e0 caract\u00e8re personnel, des fichiers journaux ainsi que [&hellip;]","og_url":"https:\/\/www.lafabbrica.it\/fr\/politique-de-confidentialite\/","og_site_name":"La Fabbrica AVA","article_modified_time":"2024-06-28T14:05:08+00:00","twitter_card":"summary_large_image","twitter_misc":{"Dur\u00e9e de lecture estim\u00e9e":"5 minutes"},"schema":{"@context":"https:\/\/schema.org","@graph":[{"@type":"WebPage","@id":"https:\/\/www.lafabbrica.it\/fr\/politique-de-confidentialite\/","url":"https:\/\/www.lafabbrica.it\/fr\/politique-de-confidentialite\/","name":"Politique de confidentialit\u00e9 - La Fabbrica AVA","isPartOf":{"@id":"https:\/\/www.lafabbrica.it\/fr\/#website"},"datePublished":"2023-09-18T07:29:04+00:00","dateModified":"2024-06-28T14:05:08+00:00","breadcrumb":{"@id":"https:\/\/www.lafabbrica.it\/fr\/politique-de-confidentialite\/#breadcrumb"},"inLanguage":"fr-FR","potentialAction":[{"@type":"ReadAction","target":["https:\/\/www.lafabbrica.it\/fr\/politique-de-confidentialite\/"]}]},{"@type":"BreadcrumbList","@id":"https:\/\/www.lafabbrica.it\/fr\/politique-de-confidentialite\/#breadcrumb","itemListElement":[{"@type":"ListItem","position":1,"name":"Home","item":"https:\/\/www.lafabbrica.it\/fr\/"},{"@type":"ListItem","position":2,"name":"Politique de confidentialit\u00e9"}]},{"@type":"WebSite","@id":"https:\/\/www.lafabbrica.it\/fr\/#website","url":"https:\/\/www.lafabbrica.it\/fr\/","name":"La Fabbrica AVA","description":"","publisher":{"@id":"https:\/\/www.lafabbrica.it\/fr\/#organization"},"potentialAction":[{"@type":"SearchAction","target":{"@type":"EntryPoint","urlTemplate":"https:\/\/www.lafabbrica.it\/fr\/?s={search_term_string}"},"query-input":"required name=search_term_string"}],"inLanguage":"fr-FR"},{"@type":"Organization","@id":"https:\/\/www.lafabbrica.it\/fr\/#organization","name":"La Fabbrica AVA","url":"https:\/\/www.lafabbrica.it\/fr\/","logo":{"@type":"ImageObject","inLanguage":"fr-FR","@id":"https:\/\/www.lafabbrica.it\/fr\/#\/schema\/logo\/image\/","url":"https:\/\/www.lafabbrica.it\/wp-content\/uploads\/2023\/08\/Senza-titolo-1.png","contentUrl":"https:\/\/www.lafabbrica.it\/wp-content\/uploads\/2023\/08\/Senza-titolo-1.png","width":567,"height":240,"caption":"La Fabbrica AVA"},"image":{"@id":"https:\/\/www.lafabbrica.it\/fr\/#\/schema\/logo\/image\/"}}]}},"_links":{"self":[{"href":"https:\/\/www.lafabbrica.it\/fr\/wp-json\/wp\/v2\/pages\/13026","targetHints":{"allow":["GET"]}}],"collection":[{"href":"https:\/\/www.lafabbrica.it\/fr\/wp-json\/wp\/v2\/pages"}],"about":[{"href":"https:\/\/www.lafabbrica.it\/fr\/wp-json\/wp\/v2\/types\/page"}],"author":[{"embeddable":true,"href":"https:\/\/www.lafabbrica.it\/fr\/wp-json\/wp\/v2\/users\/1"}],"replies":[{"embeddable":true,"href":"https:\/\/www.lafabbrica.it\/fr\/wp-json\/wp\/v2\/comments?post=13026"}],"version-history":[{"count":0,"href":"https:\/\/www.lafabbrica.it\/fr\/wp-json\/wp\/v2\/pages\/13026\/revisions"}],"wp:attachment":[{"href":"https:\/\/www.lafabbrica.it\/fr\/wp-json\/wp\/v2\/media?parent=13026"}],"curies":[{"name":"wp","href":"https:\/\/api.w.org\/{rel}","templated":true}]}}