{"id":12998,"date":"2023-10-09T14:30:13","date_gmt":"2023-10-09T14:30:13","guid":{"rendered":"https:\/\/www.lafabbrica.it\/collections\/effet-cimentaire\/"},"modified":"2023-11-09T09:37:01","modified_gmt":"2023-11-09T09:37:01","slug":"effet-cimentaire","status":"publish","type":"page","link":"https:\/\/www.lafabbrica.it\/fr\/toutes-les-collections\/effet-cimentaire\/","title":{"rendered":"Effet cimentaire"},"content":{"rendered":"\t\t<div data-elementor-type=\"wp-page\" data-elementor-id=\"12998\" class=\"elementor elementor-12998 elementor-11556\" data-elementor-post-type=\"page\">\n\t\t\t\t<div class=\"elementor-element elementor-element-2409ef2 e-flex e-con-boxed e-con e-parent\" data-id=\"2409ef2\" data-element_type=\"container\" data-settings=\"{&quot;content_width&quot;:&quot;boxed&quot;}\" data-core-v316-plus=\"true\">\n\t\t\t\t\t<div class=\"e-con-inner\">\n\t\t\t\t<div class=\"elementor-element elementor-element-69b3b3f elementor-widget elementor-widget-heading\" data-id=\"69b3b3f\" data-element_type=\"widget\" data-widget_type=\"heading.default\">\n\t\t\t\t<div class=\"elementor-widget-container\">\n\t\t\t<h1 class=\"elementor-heading-title elementor-size-default\">Gr\u00e8s ciment\u00e9 : style et \u00e9l\u00e9gance pour votre maison<\/h1>\t\t<\/div>\n\t\t\t\t<\/div>\n\t\t\t\t<div class=\"elementor-element elementor-element-dd3b552 elementor-widget elementor-widget-text-editor\" data-id=\"dd3b552\" data-element_type=\"widget\" data-widget_type=\"text-editor.default\">\n\t\t\t\t<div class=\"elementor-widget-container\">\n\t\t\t\t\t\t\tSi vous recherchez un style classique et \u00e9l\u00e9gant pour votre maison, le gr\u00e8s c\u00e9rame est le choix id\u00e9al. Ces carreaux conf\u00e8rent un aspect intemporel aux rev\u00eatements muraux et de sol. Avec une grande vari\u00e9t\u00e9 de d\u00e9cors disponibles, vous pouvez personnaliser votre design pour qu&#8217;il corresponde parfaitement \u00e0 vos go\u00fbts. Ajoutez une touche d&#8217;\u00e9l\u00e9gance \u00e0 votre int\u00e9rieur avec les carreaux de ciment de LA FABBRICA AVA.\t\t\t\t\t\t<\/div>\n\t\t\t\t<\/div>\n\t\t\t\t\t<\/div>\n\t\t\t\t<\/div>\n\t\t<div class=\"elementor-element elementor-element-8c88b6c e-flex e-con-boxed e-con e-parent\" data-id=\"8c88b6c\" data-element_type=\"container\" data-settings=\"{&quot;content_width&quot;:&quot;boxed&quot;}\" data-core-v316-plus=\"true\">\n\t\t\t\t\t<div class=\"e-con-inner\">\n\t\t\t\t<div class=\"elementor-element elementor-element-e7b16cb dce-posts-layout-template dce-col-3 dce-col-tablet-3 dce-col-mobile-1 elementor-widget elementor-widget-dce-dynamicposts-v2\" data-id=\"e7b16cb\" data-element_type=\"widget\" data-settings=\"{&quot;style_items&quot;:&quot;template&quot;,&quot;grid_grid_type&quot;:&quot;flex&quot;}\" data-widget_type=\"dce-dynamicposts-v2.grid\">\n\t\t\t\t<div class=\"elementor-widget-container\">\n\t\t\t\t\t<div class=\"dce-posts-container dce-posts \">\n\t\t\t<div class=\"dce-posts-fallback\">\n\t\t\t\t<p>No results found.<\/p>\t\t\t<\/div>\n\t\t<\/div>\n\t\t\t\t<\/div>\n\t\t\t\t<\/div>\n\t\t\t\t\t<\/div>\n\t\t\t\t<\/div>\n\t\t\t\t<\/div>\n\t\t","protected":false},"excerpt":{"rendered":"<p>Gr\u00e8s ciment\u00e9 : style et \u00e9l\u00e9gance pour votre maison Si vous recherchez un style classique et \u00e9l\u00e9gant pour votre maison, le gr\u00e8s c\u00e9rame est le choix id\u00e9al. Ces carreaux conf\u00e8rent un aspect intemporel aux rev\u00eatements muraux et de sol. Avec une grande vari\u00e9t\u00e9 de d\u00e9cors disponibles, vous pouvez personnaliser votre design pour qu&#8217;il corresponde parfaitement [&hellip;]<\/p>\n","protected":false},"author":1,"featured_media":0,"parent":12939,"menu_order":0,"comment_status":"closed","ping_status":"closed","template":"","meta":{"_acf_changed":false,"site-sidebar-layout":"no-sidebar","site-content-layout":"page-builder","ast-site-content-layout":"","site-content-style":"default","site-sidebar-style":"default","ast-global-header-display":"","ast-banner-title-visibility":"","ast-main-header-display":"","ast-hfb-above-header-display":"","ast-hfb-below-header-display":"","ast-hfb-mobile-header-display":"","site-post-title":"disabled","ast-breadcrumbs-content":"","ast-featured-img":"disabled","footer-sml-layout":"","theme-transparent-header-meta":"","adv-header-id-meta":"","stick-header-meta":"","header-above-stick-meta":"","header-main-stick-meta":"","header-below-stick-meta":"","astra-migrate-meta-layouts":"default","ast-page-background-enabled":"default","ast-page-background-meta":{"desktop":{"background-color":"var(--ast-global-color-4)","background-image":"","background-repeat":"repeat","background-position":"center center","background-size":"auto","background-attachment":"scroll","background-type":"","background-media":"","overlay-type":"","overlay-color":"","overlay-gradient":""},"tablet":{"background-color":"","background-image":"","background-repeat":"repeat","background-position":"center center","background-size":"auto","background-attachment":"scroll","background-type":"","background-media":"","overlay-type":"","overlay-color":"","overlay-gradient":""},"mobile":{"background-color":"","background-image":"","background-repeat":"repeat","background-position":"center center","background-size":"auto","background-attachment":"scroll","background-type":"","background-media":"","overlay-type":"","overlay-color":"","overlay-gradient":""}},"ast-content-background-meta":{"desktop":{"background-color":"var(--ast-global-color-5)","background-image":"","background-repeat":"repeat","background-position":"center center","background-size":"auto","background-attachment":"scroll","background-type":"","background-media":"","overlay-type":"","overlay-color":"","overlay-gradient":""},"tablet":{"background-color":"var(--ast-global-color-5)","background-image":"","background-repeat":"repeat","background-position":"center center","background-size":"auto","background-attachment":"scroll","background-type":"","background-media":"","overlay-type":"","overlay-color":"","overlay-gradient":""},"mobile":{"background-color":"var(--ast-global-color-5)","background-image":"","background-repeat":"repeat","background-position":"center center","background-size":"auto","background-attachment":"scroll","background-type":"","background-media":"","overlay-type":"","overlay-color":"","overlay-gradient":""}},"footnotes":""},"class_list":["post-12998","page","type-page","status-publish","hentry"],"acf":[],"yoast_head":"<!-- This site is optimized with the Yoast SEO plugin v22.0 - https:\/\/yoast.com\/wordpress\/plugins\/seo\/ -->\n<title>Gr\u00e8s ciment\u00e9 : style et \u00e9l\u00e9gance - La Fabbrica AVA<\/title>\n<meta name=\"description\" content=\"Le gr\u00e8s \u00e0 effet ciment\u00e9 ajoute du style et de l&#039;\u00e9l\u00e9gance \u00e0 votre int\u00e9rieur. D\u00e9couvrez des d\u00e9cors uniques pour les rev\u00eatements muraux et de sol.\" \/>\n<meta name=\"robots\" content=\"index, follow, max-snippet:-1, max-image-preview:large, max-video-preview:-1\" \/>\n<link rel=\"canonical\" href=\"https:\/\/www.lafabbrica.it\/fr\/toutes-les-collections\/effet-cimentaire\/\" \/>\n<meta property=\"og:locale\" content=\"fr_FR\" \/>\n<meta property=\"og:type\" content=\"article\" \/>\n<meta property=\"og:title\" content=\"Gr\u00e8s ciment\u00e9 : style et \u00e9l\u00e9gance - La Fabbrica AVA\" \/>\n<meta property=\"og:description\" content=\"Le gr\u00e8s \u00e0 effet ciment\u00e9 ajoute du style et de l&#039;\u00e9l\u00e9gance \u00e0 votre int\u00e9rieur. D\u00e9couvrez des d\u00e9cors uniques pour les rev\u00eatements muraux et de sol.\" \/>\n<meta property=\"og:url\" content=\"https:\/\/www.lafabbrica.it\/fr\/toutes-les-collections\/effet-cimentaire\/\" \/>\n<meta property=\"og:site_name\" content=\"La Fabbrica AVA\" \/>\n<meta property=\"article:modified_time\" content=\"2023-11-09T09:37:01+00:00\" \/>\n<meta name=\"twitter:card\" content=\"summary_large_image\" \/>\n<meta name=\"twitter:label1\" content=\"Dur\u00e9e de lecture estim\u00e9e\" \/>\n\t<meta name=\"twitter:data1\" content=\"2 minutes\" \/>\n<script type=\"application\/ld+json\" class=\"yoast-schema-graph\">{\"@context\":\"https:\/\/schema.org\",\"@graph\":[{\"@type\":\"WebPage\",\"@id\":\"https:\/\/www.lafabbrica.it\/fr\/toutes-les-collections\/effet-cimentaire\/\",\"url\":\"https:\/\/www.lafabbrica.it\/fr\/toutes-les-collections\/effet-cimentaire\/\",\"name\":\"Gr\u00e8s ciment\u00e9 : style et \u00e9l\u00e9gance - La Fabbrica AVA\",\"isPartOf\":{\"@id\":\"https:\/\/www.lafabbrica.it\/fr\/#website\"},\"datePublished\":\"2023-10-09T14:30:13+00:00\",\"dateModified\":\"2023-11-09T09:37:01+00:00\",\"description\":\"Le gr\u00e8s \u00e0 effet ciment\u00e9 ajoute du style et de l'\u00e9l\u00e9gance \u00e0 votre int\u00e9rieur. D\u00e9couvrez des d\u00e9cors uniques pour les rev\u00eatements muraux et de sol.\",\"breadcrumb\":{\"@id\":\"https:\/\/www.lafabbrica.it\/fr\/toutes-les-collections\/effet-cimentaire\/#breadcrumb\"},\"inLanguage\":\"fr-FR\",\"potentialAction\":[{\"@type\":\"ReadAction\",\"target\":[\"https:\/\/www.lafabbrica.it\/fr\/toutes-les-collections\/effet-cimentaire\/\"]}]},{\"@type\":\"BreadcrumbList\",\"@id\":\"https:\/\/www.lafabbrica.it\/fr\/toutes-les-collections\/effet-cimentaire\/#breadcrumb\",\"itemListElement\":[{\"@type\":\"ListItem\",\"position\":1,\"name\":\"Home\",\"item\":\"https:\/\/www.lafabbrica.it\/fr\/\"},{\"@type\":\"ListItem\",\"position\":2,\"name\":\"Collections\",\"item\":\"https:\/\/www.lafabbrica.it\/fr\/toutes-les-collections\/\"},{\"@type\":\"ListItem\",\"position\":3,\"name\":\"Effet cimentaire\"}]},{\"@type\":\"WebSite\",\"@id\":\"https:\/\/www.lafabbrica.it\/fr\/#website\",\"url\":\"https:\/\/www.lafabbrica.it\/fr\/\",\"name\":\"La Fabbrica AVA\",\"description\":\"\",\"publisher\":{\"@id\":\"https:\/\/www.lafabbrica.it\/fr\/#organization\"},\"potentialAction\":[{\"@type\":\"SearchAction\",\"target\":{\"@type\":\"EntryPoint\",\"urlTemplate\":\"https:\/\/www.lafabbrica.it\/fr\/?s={search_term_string}\"},\"query-input\":\"required name=search_term_string\"}],\"inLanguage\":\"fr-FR\"},{\"@type\":\"Organization\",\"@id\":\"https:\/\/www.lafabbrica.it\/fr\/#organization\",\"name\":\"La Fabbrica AVA\",\"url\":\"https:\/\/www.lafabbrica.it\/fr\/\",\"logo\":{\"@type\":\"ImageObject\",\"inLanguage\":\"fr-FR\",\"@id\":\"https:\/\/www.lafabbrica.it\/fr\/#\/schema\/logo\/image\/\",\"url\":\"https:\/\/www.lafabbrica.it\/wp-content\/uploads\/2023\/08\/Senza-titolo-1.png\",\"contentUrl\":\"https:\/\/www.lafabbrica.it\/wp-content\/uploads\/2023\/08\/Senza-titolo-1.png\",\"width\":567,\"height\":240,\"caption\":\"La Fabbrica AVA\"},\"image\":{\"@id\":\"https:\/\/www.lafabbrica.it\/fr\/#\/schema\/logo\/image\/\"}}]}<\/script>\n<!-- \/ Yoast SEO plugin. -->","yoast_head_json":{"title":"Gr\u00e8s ciment\u00e9 : style et \u00e9l\u00e9gance - La Fabbrica AVA","description":"Le gr\u00e8s \u00e0 effet ciment\u00e9 ajoute du style et de l'\u00e9l\u00e9gance \u00e0 votre int\u00e9rieur. D\u00e9couvrez des d\u00e9cors uniques pour les rev\u00eatements muraux et de sol.","robots":{"index":"index","follow":"follow","max-snippet":"max-snippet:-1","max-image-preview":"max-image-preview:large","max-video-preview":"max-video-preview:-1"},"canonical":"https:\/\/www.lafabbrica.it\/fr\/toutes-les-collections\/effet-cimentaire\/","og_locale":"fr_FR","og_type":"article","og_title":"Gr\u00e8s ciment\u00e9 : style et \u00e9l\u00e9gance - La Fabbrica AVA","og_description":"Le gr\u00e8s \u00e0 effet ciment\u00e9 ajoute du style et de l'\u00e9l\u00e9gance \u00e0 votre int\u00e9rieur. D\u00e9couvrez des d\u00e9cors uniques pour les rev\u00eatements muraux et de sol.","og_url":"https:\/\/www.lafabbrica.it\/fr\/toutes-les-collections\/effet-cimentaire\/","og_site_name":"La Fabbrica AVA","article_modified_time":"2023-11-09T09:37:01+00:00","twitter_card":"summary_large_image","twitter_misc":{"Dur\u00e9e de lecture estim\u00e9e":"2 minutes"},"schema":{"@context":"https:\/\/schema.org","@graph":[{"@type":"WebPage","@id":"https:\/\/www.lafabbrica.it\/fr\/toutes-les-collections\/effet-cimentaire\/","url":"https:\/\/www.lafabbrica.it\/fr\/toutes-les-collections\/effet-cimentaire\/","name":"Gr\u00e8s ciment\u00e9 : style et \u00e9l\u00e9gance - La Fabbrica AVA","isPartOf":{"@id":"https:\/\/www.lafabbrica.it\/fr\/#website"},"datePublished":"2023-10-09T14:30:13+00:00","dateModified":"2023-11-09T09:37:01+00:00","description":"Le gr\u00e8s \u00e0 effet ciment\u00e9 ajoute du style et de l'\u00e9l\u00e9gance \u00e0 votre int\u00e9rieur. D\u00e9couvrez des d\u00e9cors uniques pour les rev\u00eatements muraux et de sol.","breadcrumb":{"@id":"https:\/\/www.lafabbrica.it\/fr\/toutes-les-collections\/effet-cimentaire\/#breadcrumb"},"inLanguage":"fr-FR","potentialAction":[{"@type":"ReadAction","target":["https:\/\/www.lafabbrica.it\/fr\/toutes-les-collections\/effet-cimentaire\/"]}]},{"@type":"BreadcrumbList","@id":"https:\/\/www.lafabbrica.it\/fr\/toutes-les-collections\/effet-cimentaire\/#breadcrumb","itemListElement":[{"@type":"ListItem","position":1,"name":"Home","item":"https:\/\/www.lafabbrica.it\/fr\/"},{"@type":"ListItem","position":2,"name":"Collections","item":"https:\/\/www.lafabbrica.it\/fr\/toutes-les-collections\/"},{"@type":"ListItem","position":3,"name":"Effet cimentaire"}]},{"@type":"WebSite","@id":"https:\/\/www.lafabbrica.it\/fr\/#website","url":"https:\/\/www.lafabbrica.it\/fr\/","name":"La Fabbrica AVA","description":"","publisher":{"@id":"https:\/\/www.lafabbrica.it\/fr\/#organization"},"potentialAction":[{"@type":"SearchAction","target":{"@type":"EntryPoint","urlTemplate":"https:\/\/www.lafabbrica.it\/fr\/?s={search_term_string}"},"query-input":"required name=search_term_string"}],"inLanguage":"fr-FR"},{"@type":"Organization","@id":"https:\/\/www.lafabbrica.it\/fr\/#organization","name":"La Fabbrica AVA","url":"https:\/\/www.lafabbrica.it\/fr\/","logo":{"@type":"ImageObject","inLanguage":"fr-FR","@id":"https:\/\/www.lafabbrica.it\/fr\/#\/schema\/logo\/image\/","url":"https:\/\/www.lafabbrica.it\/wp-content\/uploads\/2023\/08\/Senza-titolo-1.png","contentUrl":"https:\/\/www.lafabbrica.it\/wp-content\/uploads\/2023\/08\/Senza-titolo-1.png","width":567,"height":240,"caption":"La Fabbrica AVA"},"image":{"@id":"https:\/\/www.lafabbrica.it\/fr\/#\/schema\/logo\/image\/"}}]}},"_links":{"self":[{"href":"https:\/\/www.lafabbrica.it\/fr\/wp-json\/wp\/v2\/pages\/12998","targetHints":{"allow":["GET"]}}],"collection":[{"href":"https:\/\/www.lafabbrica.it\/fr\/wp-json\/wp\/v2\/pages"}],"about":[{"href":"https:\/\/www.lafabbrica.it\/fr\/wp-json\/wp\/v2\/types\/page"}],"author":[{"embeddable":true,"href":"https:\/\/www.lafabbrica.it\/fr\/wp-json\/wp\/v2\/users\/1"}],"replies":[{"embeddable":true,"href":"https:\/\/www.lafabbrica.it\/fr\/wp-json\/wp\/v2\/comments?post=12998"}],"version-history":[{"count":0,"href":"https:\/\/www.lafabbrica.it\/fr\/wp-json\/wp\/v2\/pages\/12998\/revisions"}],"up":[{"embeddable":true,"href":"https:\/\/www.lafabbrica.it\/fr\/wp-json\/wp\/v2\/pages\/12939"}],"wp:attachment":[{"href":"https:\/\/www.lafabbrica.it\/fr\/wp-json\/wp\/v2\/media?parent=12998"}],"curies":[{"name":"wp","href":"https:\/\/api.w.org\/{rel}","templated":true}]}}