{"id":14046,"date":"2023-10-09T14:36:31","date_gmt":"2023-10-09T14:36:31","guid":{"rendered":"https:\/\/www.lafabbrica.it\/kollektionen\/effetto-metallo\/"},"modified":"2023-10-30T11:29:36","modified_gmt":"2023-10-30T11:29:36","slug":"metall-effekt","status":"publish","type":"page","link":"https:\/\/www.lafabbrica.it\/de\/kollektionen\/metall-effekt\/","title":{"rendered":"Metall-Effekt"},"content":{"rendered":"\t\t<div data-elementor-type=\"wp-page\" data-elementor-id=\"14046\" class=\"elementor elementor-14046 elementor-11566\" data-elementor-post-type=\"page\">\n\t\t\t\t<div class=\"elementor-element elementor-element-9945a27 e-flex e-con-boxed e-con e-parent\" data-id=\"9945a27\" data-element_type=\"container\" data-settings=\"{&quot;content_width&quot;:&quot;boxed&quot;}\" data-core-v316-plus=\"true\">\n\t\t\t\t\t<div class=\"e-con-inner\">\n\t\t\t\t<div class=\"elementor-element elementor-element-db1e6fc elementor-widget elementor-widget-heading\" data-id=\"db1e6fc\" data-element_type=\"widget\" data-widget_type=\"heading.default\">\n\t\t\t\t<div class=\"elementor-widget-container\">\n\t\t\t<h1 class=\"elementor-heading-title elementor-size-default\">Metall-Effekt-Fliesen und -Platten: Glanz f\u00fcr Ihr Design<\/h1>\t\t<\/div>\n\t\t\t\t<\/div>\n\t\t\t\t<div class=\"elementor-element elementor-element-cb9b451 elementor-widget elementor-widget-text-editor\" data-id=\"cb9b451\" data-element_type=\"widget\" data-widget_type=\"text-editor.default\">\n\t\t\t\t<div class=\"elementor-widget-container\">\n\t\t\t\t\t\t\t<p>Die Feinsteinzeug- und Keramikfliesen und -platten mit Metalleffekt von LA FABBRICA AVA bringen Glanz in Ihre Einrichtungsprojekte. Sie reflektieren das Licht auf einzigartige Weise und schaffen eine helle und anspruchsvolle Atmosph\u00e4re. Die Fliesen und Platten mit Metalleffekt sind ideal f\u00fcr Wohn- und Gewerbeprojekte. Mit LA FABBRICA AVA k\u00f6nnen Sie Ihre R\u00e4ume in helle, moderne R\u00e4ume verwandeln.<\/p>\t\t\t\t\t\t<\/div>\n\t\t\t\t<\/div>\n\t\t\t\t\t<\/div>\n\t\t\t\t<\/div>\n\t\t<div class=\"elementor-element elementor-element-e8fdb10 e-flex e-con-boxed e-con e-parent\" data-id=\"e8fdb10\" data-element_type=\"container\" data-settings=\"{&quot;content_width&quot;:&quot;boxed&quot;}\" data-core-v316-plus=\"true\">\n\t\t\t\t\t<div class=\"e-con-inner\">\n\t\t\t\t<div class=\"elementor-element elementor-element-57d3263 dce-posts-layout-template dce-col-3 dce-col-tablet-3 dce-col-mobile-1 elementor-widget elementor-widget-dce-dynamicposts-v2\" data-id=\"57d3263\" data-element_type=\"widget\" data-settings=\"{&quot;style_items&quot;:&quot;template&quot;,&quot;grid_grid_type&quot;:&quot;flex&quot;}\" data-widget_type=\"dce-dynamicposts-v2.grid\">\n\t\t\t\t<div class=\"elementor-widget-container\">\n\t\t\t\t\t<div class=\"dce-posts-container dce-posts \">\n\t\t\t<div class=\"dce-posts-fallback\">\n\t\t\t\t<p>No results found.<\/p>\t\t\t<\/div>\n\t\t<\/div>\n\t\t\t\t<\/div>\n\t\t\t\t<\/div>\n\t\t\t\t\t<\/div>\n\t\t\t\t<\/div>\n\t\t\t\t<\/div>\n\t\t","protected":false},"excerpt":{"rendered":"<p>Metall-Effekt-Fliesen und -Platten: Glanz f\u00fcr Ihr Design Die Feinsteinzeug- und Keramikfliesen und -platten mit Metalleffekt von LA FABBRICA AVA bringen Glanz in Ihre Einrichtungsprojekte. Sie reflektieren das Licht auf einzigartige Weise und schaffen eine helle und anspruchsvolle Atmosph\u00e4re. Die Fliesen und Platten mit Metalleffekt sind ideal f\u00fcr Wohn- und Gewerbeprojekte. Mit LA FABBRICA AVA k\u00f6nnen [&hellip;]<\/p>\n","protected":false},"author":1,"featured_media":0,"parent":13167,"menu_order":0,"comment_status":"closed","ping_status":"closed","template":"","meta":{"_acf_changed":false,"site-sidebar-layout":"no-sidebar","site-content-layout":"page-builder","ast-site-content-layout":"","site-content-style":"default","site-sidebar-style":"default","ast-global-header-display":"","ast-banner-title-visibility":"","ast-main-header-display":"","ast-hfb-above-header-display":"","ast-hfb-below-header-display":"","ast-hfb-mobile-header-display":"","site-post-title":"disabled","ast-breadcrumbs-content":"","ast-featured-img":"disabled","footer-sml-layout":"","theme-transparent-header-meta":"","adv-header-id-meta":"","stick-header-meta":"","header-above-stick-meta":"","header-main-stick-meta":"","header-below-stick-meta":"","astra-migrate-meta-layouts":"default","ast-page-background-enabled":"default","ast-page-background-meta":{"desktop":{"background-color":"var(--ast-global-color-4)","background-image":"","background-repeat":"repeat","background-position":"center center","background-size":"auto","background-attachment":"scroll","background-type":"","background-media":"","overlay-type":"","overlay-color":"","overlay-gradient":""},"tablet":{"background-color":"","background-image":"","background-repeat":"repeat","background-position":"center center","background-size":"auto","background-attachment":"scroll","background-type":"","background-media":"","overlay-type":"","overlay-color":"","overlay-gradient":""},"mobile":{"background-color":"","background-image":"","background-repeat":"repeat","background-position":"center center","background-size":"auto","background-attachment":"scroll","background-type":"","background-media":"","overlay-type":"","overlay-color":"","overlay-gradient":""}},"ast-content-background-meta":{"desktop":{"background-color":"var(--ast-global-color-5)","background-image":"","background-repeat":"repeat","background-position":"center center","background-size":"auto","background-attachment":"scroll","background-type":"","background-media":"","overlay-type":"","overlay-color":"","overlay-gradient":""},"tablet":{"background-color":"var(--ast-global-color-5)","background-image":"","background-repeat":"repeat","background-position":"center center","background-size":"auto","background-attachment":"scroll","background-type":"","background-media":"","overlay-type":"","overlay-color":"","overlay-gradient":""},"mobile":{"background-color":"var(--ast-global-color-5)","background-image":"","background-repeat":"repeat","background-position":"center center","background-size":"auto","background-attachment":"scroll","background-type":"","background-media":"","overlay-type":"","overlay-color":"","overlay-gradient":""}},"footnotes":""},"class_list":["post-14046","page","type-page","status-publish","hentry"],"acf":[],"yoast_head":"<!-- This site is optimized with the Yoast SEO plugin v22.0 - https:\/\/yoast.com\/wordpress\/plugins\/seo\/ -->\n<title>Metall-Effekt-Fliesen und -Platten - La Fabbrica AVA<\/title>\n<meta name=\"description\" content=\"Entdecken Sie LA FABBRICA AVA Fliesen und Platten aus Feinsteinzeug mit Metalleffekt. Bringen Sie Glanz in Ihre Einrichtungsprojekte.\" \/>\n<meta name=\"robots\" content=\"index, follow, max-snippet:-1, max-image-preview:large, max-video-preview:-1\" \/>\n<link rel=\"canonical\" href=\"https:\/\/www.lafabbrica.it\/de\/kollektionen\/metall-effekt\/\" \/>\n<meta property=\"og:locale\" content=\"de_DE\" \/>\n<meta property=\"og:type\" content=\"article\" \/>\n<meta property=\"og:title\" content=\"Metall-Effekt-Fliesen und -Platten - La Fabbrica AVA\" \/>\n<meta property=\"og:description\" content=\"Entdecken Sie LA FABBRICA AVA Fliesen und Platten aus Feinsteinzeug mit Metalleffekt. Bringen Sie Glanz in Ihre Einrichtungsprojekte.\" \/>\n<meta property=\"og:url\" content=\"https:\/\/www.lafabbrica.it\/de\/kollektionen\/metall-effekt\/\" \/>\n<meta property=\"og:site_name\" content=\"La Fabbrica AVA\" \/>\n<meta property=\"article:modified_time\" content=\"2023-10-30T11:29:36+00:00\" \/>\n<meta name=\"twitter:card\" content=\"summary_large_image\" \/>\n<meta name=\"twitter:label1\" content=\"Gesch\u00e4tzte Lesezeit\" \/>\n\t<meta name=\"twitter:data1\" content=\"1\u00a0Minute\" \/>\n<script type=\"application\/ld+json\" class=\"yoast-schema-graph\">{\"@context\":\"https:\/\/schema.org\",\"@graph\":[{\"@type\":\"WebPage\",\"@id\":\"https:\/\/www.lafabbrica.it\/de\/kollektionen\/metall-effekt\/\",\"url\":\"https:\/\/www.lafabbrica.it\/de\/kollektionen\/metall-effekt\/\",\"name\":\"Metall-Effekt-Fliesen und -Platten - La Fabbrica AVA\",\"isPartOf\":{\"@id\":\"https:\/\/www.lafabbrica.it\/de\/#website\"},\"datePublished\":\"2023-10-09T14:36:31+00:00\",\"dateModified\":\"2023-10-30T11:29:36+00:00\",\"description\":\"Entdecken Sie LA FABBRICA AVA Fliesen und Platten aus Feinsteinzeug mit Metalleffekt. Bringen Sie Glanz in Ihre Einrichtungsprojekte.\",\"breadcrumb\":{\"@id\":\"https:\/\/www.lafabbrica.it\/de\/kollektionen\/metall-effekt\/#breadcrumb\"},\"inLanguage\":\"de\",\"potentialAction\":[{\"@type\":\"ReadAction\",\"target\":[\"https:\/\/www.lafabbrica.it\/de\/kollektionen\/metall-effekt\/\"]}]},{\"@type\":\"BreadcrumbList\",\"@id\":\"https:\/\/www.lafabbrica.it\/de\/kollektionen\/metall-effekt\/#breadcrumb\",\"itemListElement\":[{\"@type\":\"ListItem\",\"position\":1,\"name\":\"Home\",\"item\":\"https:\/\/www.lafabbrica.it\/de\/\"},{\"@type\":\"ListItem\",\"position\":2,\"name\":\"Kollektionen\",\"item\":\"https:\/\/www.lafabbrica.it\/de\/kollektionen\/\"},{\"@type\":\"ListItem\",\"position\":3,\"name\":\"Metall-Effekt\"}]},{\"@type\":\"WebSite\",\"@id\":\"https:\/\/www.lafabbrica.it\/de\/#website\",\"url\":\"https:\/\/www.lafabbrica.it\/de\/\",\"name\":\"La Fabbrica AVA\",\"description\":\"\",\"publisher\":{\"@id\":\"https:\/\/www.lafabbrica.it\/de\/#organization\"},\"potentialAction\":[{\"@type\":\"SearchAction\",\"target\":{\"@type\":\"EntryPoint\",\"urlTemplate\":\"https:\/\/www.lafabbrica.it\/de\/?s={search_term_string}\"},\"query-input\":\"required name=search_term_string\"}],\"inLanguage\":\"de\"},{\"@type\":\"Organization\",\"@id\":\"https:\/\/www.lafabbrica.it\/de\/#organization\",\"name\":\"La Fabbrica AVA\",\"url\":\"https:\/\/www.lafabbrica.it\/de\/\",\"logo\":{\"@type\":\"ImageObject\",\"inLanguage\":\"de\",\"@id\":\"https:\/\/www.lafabbrica.it\/de\/#\/schema\/logo\/image\/\",\"url\":\"https:\/\/www.lafabbrica.it\/wp-content\/uploads\/2023\/08\/Senza-titolo-1.png\",\"contentUrl\":\"https:\/\/www.lafabbrica.it\/wp-content\/uploads\/2023\/08\/Senza-titolo-1.png\",\"width\":567,\"height\":240,\"caption\":\"La Fabbrica AVA\"},\"image\":{\"@id\":\"https:\/\/www.lafabbrica.it\/de\/#\/schema\/logo\/image\/\"}}]}<\/script>\n<!-- \/ Yoast SEO plugin. -->","yoast_head_json":{"title":"Metall-Effekt-Fliesen und -Platten - La Fabbrica AVA","description":"Entdecken Sie LA FABBRICA AVA Fliesen und Platten aus Feinsteinzeug mit Metalleffekt. Bringen Sie Glanz in Ihre Einrichtungsprojekte.","robots":{"index":"index","follow":"follow","max-snippet":"max-snippet:-1","max-image-preview":"max-image-preview:large","max-video-preview":"max-video-preview:-1"},"canonical":"https:\/\/www.lafabbrica.it\/de\/kollektionen\/metall-effekt\/","og_locale":"de_DE","og_type":"article","og_title":"Metall-Effekt-Fliesen und -Platten - La Fabbrica AVA","og_description":"Entdecken Sie LA FABBRICA AVA Fliesen und Platten aus Feinsteinzeug mit Metalleffekt. Bringen Sie Glanz in Ihre Einrichtungsprojekte.","og_url":"https:\/\/www.lafabbrica.it\/de\/kollektionen\/metall-effekt\/","og_site_name":"La Fabbrica AVA","article_modified_time":"2023-10-30T11:29:36+00:00","twitter_card":"summary_large_image","twitter_misc":{"Gesch\u00e4tzte Lesezeit":"1\u00a0Minute"},"schema":{"@context":"https:\/\/schema.org","@graph":[{"@type":"WebPage","@id":"https:\/\/www.lafabbrica.it\/de\/kollektionen\/metall-effekt\/","url":"https:\/\/www.lafabbrica.it\/de\/kollektionen\/metall-effekt\/","name":"Metall-Effekt-Fliesen und -Platten - La Fabbrica AVA","isPartOf":{"@id":"https:\/\/www.lafabbrica.it\/de\/#website"},"datePublished":"2023-10-09T14:36:31+00:00","dateModified":"2023-10-30T11:29:36+00:00","description":"Entdecken Sie LA FABBRICA AVA Fliesen und Platten aus Feinsteinzeug mit Metalleffekt. Bringen Sie Glanz in Ihre Einrichtungsprojekte.","breadcrumb":{"@id":"https:\/\/www.lafabbrica.it\/de\/kollektionen\/metall-effekt\/#breadcrumb"},"inLanguage":"de","potentialAction":[{"@type":"ReadAction","target":["https:\/\/www.lafabbrica.it\/de\/kollektionen\/metall-effekt\/"]}]},{"@type":"BreadcrumbList","@id":"https:\/\/www.lafabbrica.it\/de\/kollektionen\/metall-effekt\/#breadcrumb","itemListElement":[{"@type":"ListItem","position":1,"name":"Home","item":"https:\/\/www.lafabbrica.it\/de\/"},{"@type":"ListItem","position":2,"name":"Kollektionen","item":"https:\/\/www.lafabbrica.it\/de\/kollektionen\/"},{"@type":"ListItem","position":3,"name":"Metall-Effekt"}]},{"@type":"WebSite","@id":"https:\/\/www.lafabbrica.it\/de\/#website","url":"https:\/\/www.lafabbrica.it\/de\/","name":"La Fabbrica AVA","description":"","publisher":{"@id":"https:\/\/www.lafabbrica.it\/de\/#organization"},"potentialAction":[{"@type":"SearchAction","target":{"@type":"EntryPoint","urlTemplate":"https:\/\/www.lafabbrica.it\/de\/?s={search_term_string}"},"query-input":"required name=search_term_string"}],"inLanguage":"de"},{"@type":"Organization","@id":"https:\/\/www.lafabbrica.it\/de\/#organization","name":"La Fabbrica AVA","url":"https:\/\/www.lafabbrica.it\/de\/","logo":{"@type":"ImageObject","inLanguage":"de","@id":"https:\/\/www.lafabbrica.it\/de\/#\/schema\/logo\/image\/","url":"https:\/\/www.lafabbrica.it\/wp-content\/uploads\/2023\/08\/Senza-titolo-1.png","contentUrl":"https:\/\/www.lafabbrica.it\/wp-content\/uploads\/2023\/08\/Senza-titolo-1.png","width":567,"height":240,"caption":"La Fabbrica AVA"},"image":{"@id":"https:\/\/www.lafabbrica.it\/de\/#\/schema\/logo\/image\/"}}]}},"_links":{"self":[{"href":"https:\/\/www.lafabbrica.it\/de\/wp-json\/wp\/v2\/pages\/14046","targetHints":{"allow":["GET"]}}],"collection":[{"href":"https:\/\/www.lafabbrica.it\/de\/wp-json\/wp\/v2\/pages"}],"about":[{"href":"https:\/\/www.lafabbrica.it\/de\/wp-json\/wp\/v2\/types\/page"}],"author":[{"embeddable":true,"href":"https:\/\/www.lafabbrica.it\/de\/wp-json\/wp\/v2\/users\/1"}],"replies":[{"embeddable":true,"href":"https:\/\/www.lafabbrica.it\/de\/wp-json\/wp\/v2\/comments?post=14046"}],"version-history":[{"count":0,"href":"https:\/\/www.lafabbrica.it\/de\/wp-json\/wp\/v2\/pages\/14046\/revisions"}],"up":[{"embeddable":true,"href":"https:\/\/www.lafabbrica.it\/de\/wp-json\/wp\/v2\/pages\/13167"}],"wp:attachment":[{"href":"https:\/\/www.lafabbrica.it\/de\/wp-json\/wp\/v2\/media?parent=14046"}],"curies":[{"name":"wp","href":"https:\/\/api.w.org\/{rel}","templated":true}]}}